{"id":16,"date":"2021-08-22T11:53:53","date_gmt":"2021-08-22T11:53:53","guid":{"rendered":"https:\/\/mak-secondary.edu.lb\/?page_id=16"},"modified":"2021-09-22T11:09:56","modified_gmt":"2021-09-22T11:09:56","slug":"about-hhhs","status":"publish","type":"page","link":"https:\/\/mak-secondary.edu.lb\/ar\/about-hhhs\/","title":{"rendered":"About HHHS"},"content":{"rendered":"<div class=\"vc_row wpb_row vc_row-fluid vc_custom_1584693224293\"><div class=\"wpb_column vc_column_container vc_col-sm-12\"><div class=\"vc_column-inner\"><div class=\"wpb_wrapper\">\n\t<div class=\"wpb_text_column wpb_content_element\" >\n\t\t<div class=\"wpb_wrapper\">\n\t\t\t<p><span style=\"font-size: 18px;\"><span style=\"color: #1e73be;\">\u0644\u0645\u062d\u0629 \u0639\u0627\u0645\u0629 <\/span><span style=\"color: #007363;\"><span style=\"color: #1e73be;\">Us<\/span>\u00a0 \u00a0<\/span>\u00a0<img loading=\"lazy\" decoding=\"async\" class=\"alignnone wp-image-3696\" style=\"margin-right: 0px; margin-top: -2px;\" src=\"https:\/\/www.makassed.org\/wp-content\/uploads\/2020\/04\/Untitled-3.png\" alt=\"\" width=\"10\" height=\"10\" \/>\u00a0 \u00a0About HHHS<\/span><\/p>\n\n\t\t<\/div>\n\t<\/div>\n<\/div><\/div><\/div><\/div><div class=\"vc_row wpb_row vc_row-fluid vc_custom_1587543997517\"><div class=\"wpb_column vc_column_container vc_col-sm-12\"><div class=\"vc_column-inner\"><div class=\"wpb_wrapper\"><h1 class=\"stm-title stm-title_sep_bottom\" style=\"text-align:left;color:#1e73be\">\n\nOur Principles\n<\/h1>\n\t<div class=\"stm-separator stm-clearfix stm-separator_type_title\" >\n\t\t<div class=\"stm-separator__line stm-border-b_color_dark-blue\" ><\/div>\n\t<\/div>\n<div class=\"vc_row wpb_row vc_inner vc_row-fluid\"><div class=\"wpb_column vc_column_container vc_col-sm-6\"><div class=\"vc_column-inner\"><div class=\"wpb_wrapper\">\n\t<div  class=\"wpb_single_image wpb_content_element vc_align_left\">\n\t\t\n\t\t<figure class=\"wpb_wrapper vc_figure\">\n\t\t\t<div class=\"vc_single_image-wrapper   vc_box_border_grey\"><img loading=\"lazy\" decoding=\"async\" class=\"vc_single_image-img\" src=\"https:\/\/mak-secondary.edu.lb\/wp-content\/uploads\/2021\/09\/clean-Medium-500x400.jpg\" width=\"500\" height=\"400\" alt=\"clean (Medium)\" title=\"clean (Medium)\" \/><\/div>\n\t\t<\/figure>\n\t<\/div>\n<\/div><\/div><\/div><div class=\"wpb_column vc_column_container vc_col-sm-6\"><div class=\"vc_column-inner\"><div class=\"wpb_wrapper\"><h1 class=\"stm-title stm-title_sep_bottom\" style=\"text-align:left;color:#1e73be\">\n\n\u0627\u0644\u0631\u0624\u064a\u0629\n<\/h1>\n\t<div class=\"stm-separator stm-clearfix stm-separator_type_title\" >\n\t\t<div class=\"stm-separator__line stm-border-b_color_dark-blue\" ><\/div>\n\t<\/div>\n\n\t<div class=\"wpb_text_column wpb_content_element\" >\n\t\t<div class=\"wpb_wrapper\">\n\t\t\t<p>Houssam Eddine Hariri High School graduates, coming from various backgrounds and having diverse learning needs, are well-educated and open-minded lifelong learners who have acquired virtuous personal traits and maintained high standards of ethical, moral and civic conduct. Upon their graduation, they will have developed not only vast knowledge of the major current issues but also profound learning of the Arab Islamic heritage and culture leading to better understanding and appreciation of other cultures. They are capable of coping with the ever-changing universe and are responsible personally, nationally and globally to contribute in protecting the planet they are sharing with others.<\/p>\n\n\t\t<\/div>\n\t<\/div>\n<div class=\"stm-spacing\" id=\"stm-spacing-69e4adfb6a0d7\"><\/div>\n<script>\n\t(function($){\n\t\t\"use strict\";\n\t\tvar spacingID = 'stm-spacing-69e4adfb6a0d7',\n\t\t\t  lgSpacing = '15',\n\t\t\t  mdSpacing = '15',\n\t\t\t  smSpacing = '12',\n\t\t\t  xsSpacing = '10';\n\n\t\tfunction smartySpacing() {\n\t\t\tif ( window.matchMedia(\"(min-width: 1200px)\").matches && lgSpacing ) {\n\t\t\t\t$( '#' + spacingID ).css ( \"height\", lgSpacing );\n\t\t\t} else if ( window.matchMedia(\"(max-width: 1199px) and (min-width: 992px )\").matches && mdSpacing ) {\n\t\t\t\t$( '#' + spacingID ).css ( \"height\", mdSpacing );\n\t\t\t} else if ( window.matchMedia(\"(max-width: 991px) and (min-width: 768px )\").matches && smSpacing ) {\n\t\t\t\t$( '#' + spacingID ).css ( \"height\", smSpacing );\n\t\t\t} else if ( window.matchMedia(\"(max-width: 767px)\").matches && xsSpacing ) {\n\t\t\t\t$( '#' + spacingID ).css ( \"height\", xsSpacing );\n\t\t\t} else {\n\t\t\t\t$( '#' + spacingID ).css ( \"height\", \"\" );\n\t\t\t}\n\t\t}\n\n\t\t$(document).ready(function() {\n\t\t\tsmartySpacing();\n\t\t});\n\n\t\t$(window).resize(function() {\n\t\t\tsmartySpacing();\n\t\t});\n\n\t})(jQuery);\n<\/script>\n\n<h1 class=\"stm-title stm-title_sep_bottom\" style=\"text-align:left;color:#1e73be\">\n\n\u0627\u0644\u0631\u0633\u0627\u0644\u0629\n<\/h1>\n\t<div class=\"stm-separator stm-clearfix stm-separator_type_title\" >\n\t\t<div class=\"stm-separator__line stm-border-b_color_dark-blue\" ><\/div>\n\t<\/div>\n\n\t<div class=\"wpb_text_column wpb_content_element\" >\n\t\t<div class=\"wpb_wrapper\">\n\t\t\t<p>HHHS aspires that learners become knowledgeable, compassionate, open-minded and principled citizens capable of being self-directed agents of change in their local and global community.<br \/>\nTo this aim, the school adopts and implements rigorous and holistic programmes that develop the learners\u2019 knowledge, values, and attitudes and foster their sense of cultural identity and intercultural understanding and respect.<br \/>\nThe school utilizes approaches to teaching and learning empowering the students to become life-long learners, demonstrate proficiency in Arabic in addition to foreign languages, and make connections between learning at school and the real world.<\/p>\n\n\t\t<\/div>\n\t<\/div>\n<\/div><\/div><\/div><\/div><\/div><\/div><\/div><\/div><div class=\"vc_row wpb_row vc_row-fluid\"><div class=\"wpb_column vc_column_container vc_col-sm-12\"><div class=\"vc_column-inner\"><div class=\"wpb_wrapper\"><div class=\"vc_separator wpb_content_element vc_separator_align_center vc_sep_width_100 vc_sep_pos_align_center vc_separator_no_text vc_sep_color_sky\" ><span class=\"vc_sep_holder vc_sep_holder_l\"><span  class=\"vc_sep_line\"><\/span><\/span><span class=\"vc_sep_holder vc_sep_holder_r\"><span  class=\"vc_sep_line\"><\/span><\/span>\n<\/div><\/div><\/div><\/div><\/div><div class=\"vc_row wpb_row vc_row-fluid vc_custom_1587543997517\"><div class=\"wpb_column vc_column_container vc_col-sm-12\"><div class=\"vc_column-inner\"><div class=\"wpb_wrapper\"><div class=\"vc_row wpb_row vc_inner vc_row-fluid\"><div class=\"wpb_column vc_column_container vc_col-sm-6\"><div class=\"vc_column-inner\"><div class=\"wpb_wrapper\">\n\t<div  class=\"wpb_single_image wpb_content_element vc_align_left\">\n\t\t\n\t\t<figure class=\"wpb_wrapper vc_figure\">\n\t\t\t<div class=\"vc_single_image-wrapper   vc_box_border_grey\"><img loading=\"lazy\" decoding=\"async\" class=\"vc_single_image-img\" src=\"https:\/\/mak-secondary.edu.lb\/wp-content\/uploads\/2021\/09\/al-houssam-school-1-36-scaled-500x400.jpg\" width=\"500\" height=\"400\" alt=\"al houssam school-1- (36)\" title=\"al houssam school-1- (36)\" \/><\/div>\n\t\t<\/figure>\n\t<\/div>\n<\/div><\/div><\/div><div class=\"wpb_column vc_column_container vc_col-sm-6\"><div class=\"vc_column-inner\"><div class=\"wpb_wrapper\"><h1 class=\"stm-title stm-title_sep_bottom\" style=\"text-align:left;color:#1e73be\">\n\nVision de l&#039;\u00e9cole\n<\/h1>\n\t<div class=\"stm-separator stm-clearfix stm-separator_type_title\" >\n\t\t<div class=\"stm-separator__line stm-border-b_color_dark-blue\" ><\/div>\n\t<\/div>\n\n\t<div class=\"wpb_text_column wpb_content_element\" >\n\t\t<div class=\"wpb_wrapper\">\n\t\t\t<p>Les dipl\u00f4m\u00e9s du Lyc\u00e9e Houssam Eddine Hariri, quelle que soit leur appartenance et quelque diff\u00e9rents que soient leurs besoins acad\u00e9miques, sont tous des apprenants pour la vie, cultiv\u00e9s et ouverts d\u2019esprit. Ils manifestent des qualit\u00e9s personnelles remarquables, t\u00e9moignent d\u2019un sens aigu de la solidarit\u00e9 et d\u2019un civisme d\u00e9vou\u00e9. Leur pens\u00e9e est enrichie par la connaissance profonde des coutumes et de l\u2019h\u00e9ritage culturel arabe et islamique, ce qui leur permet d\u2019autant plus de comprendre et d\u2019appr\u00e9cier diff\u00e9rentes cultures et civilisations. Ils sont ainsi capables de faire face \u00e0 l\u2019\u00e9volution et aux changements incessants que conna\u00eet leur environnement proche et lointain. Conscients de leur responsabilit\u00e9 aux niveaux personnel, national et international, ils s\u2019engagent dans la lutte pour la protection de la Terre, leur plan\u00e8te, qu\u2019ils partagent avec d\u2019autres.<\/p>\n\n\t\t<\/div>\n\t<\/div>\n<div class=\"stm-spacing\" id=\"stm-spacing-69e4adfb6b47b\"><\/div>\n<script>\n\t(function($){\n\t\t\"use strict\";\n\t\tvar spacingID = 'stm-spacing-69e4adfb6b47b',\n\t\t\t  lgSpacing = '15',\n\t\t\t  mdSpacing = '15',\n\t\t\t  smSpacing = '12',\n\t\t\t  xsSpacing = '10';\n\n\t\tfunction smartySpacing() {\n\t\t\tif ( window.matchMedia(\"(min-width: 1200px)\").matches && lgSpacing ) {\n\t\t\t\t$( '#' + spacingID ).css ( \"height\", lgSpacing );\n\t\t\t} else if ( window.matchMedia(\"(max-width: 1199px) and (min-width: 992px )\").matches && mdSpacing ) {\n\t\t\t\t$( '#' + spacingID ).css ( \"height\", mdSpacing );\n\t\t\t} else if ( window.matchMedia(\"(max-width: 991px) and (min-width: 768px )\").matches && smSpacing ) {\n\t\t\t\t$( '#' + spacingID ).css ( \"height\", smSpacing );\n\t\t\t} else if ( window.matchMedia(\"(max-width: 767px)\").matches && xsSpacing ) {\n\t\t\t\t$( '#' + spacingID ).css ( \"height\", xsSpacing );\n\t\t\t} else {\n\t\t\t\t$( '#' + spacingID ).css ( \"height\", \"\" );\n\t\t\t}\n\t\t}\n\n\t\t$(document).ready(function() {\n\t\t\tsmartySpacing();\n\t\t});\n\n\t\t$(window).resize(function() {\n\t\t\tsmartySpacing();\n\t\t});\n\n\t})(jQuery);\n<\/script>\n\n<h1 class=\"stm-title stm-title_sep_bottom\" style=\"text-align:left;color:#1e73be\">\n\nD\u00e9claration de mission\n<\/h1>\n\t<div class=\"stm-separator stm-clearfix stm-separator_type_title\" >\n\t\t<div class=\"stm-separator__line stm-border-b_color_dark-blue\" ><\/div>\n\t<\/div>\n\n\t<div class=\"wpb_text_column wpb_content_element\" >\n\t\t<div class=\"wpb_wrapper\">\n\t\t\t<p>Le Lyc\u00e9e Houssam Eddine Hariri aspire \u00e0 ce que les apprenants deviennent des citoyens inform\u00e9s, compatissants, ouverts d\u2019esprit et int\u00e8gres capables de mener un changement dans leur communaut\u00e9 locale et mondiale.<br \/>\nA cette fin, l\u2019\u00e9tablissement adopte et met en \u0153uvre des programmes rigoureux et holistiques qui permettent de d\u00e9velopper les connaissances, les valeurs et les attitudes des apprenants, de promouvoir le d\u00e9veloppement de leur identit\u00e9 culturelle et de renforcer le respect des autres cultures.<br \/>\nL\u2019\u00e9cole utilise des approches d\u2019enseignement et d\u2019apprentissage permettant aux \u00e9l\u00e8ves de devenir des apprenants \u00e0 vie maitrisant la langue Arabe en plus des langues \u00e9trang\u00e8res. En effet, Les apprenants seront capables de relier entre les apprentissages \u00e0 l\u2019\u00e9cole et la vie r\u00e9elle.<\/p>\n\n\t\t<\/div>\n\t<\/div>\n<\/div><\/div><\/div><\/div><\/div><\/div><\/div><\/div><div class=\"vc_row wpb_row vc_row-fluid\"><div class=\"wpb_column vc_column_container vc_col-sm-12\"><div class=\"vc_column-inner\"><div class=\"wpb_wrapper\"><div class=\"vc_separator wpb_content_element vc_separator_align_center vc_sep_width_100 vc_sep_pos_align_center vc_separator_no_text vc_sep_color_sky\" ><span class=\"vc_sep_holder vc_sep_holder_l\"><span  class=\"vc_sep_line\"><\/span><\/span><span class=\"vc_sep_holder vc_sep_holder_r\"><span  class=\"vc_sep_line\"><\/span><\/span>\n<\/div><\/div><\/div><\/div><\/div><div class=\"vc_row wpb_row vc_row-fluid vc_custom_1587543997517\"><div class=\"wpb_column vc_column_container vc_col-sm-12\"><div class=\"vc_column-inner\"><div class=\"wpb_wrapper\"><div class=\"vc_row wpb_row vc_inner vc_row-fluid\"><div class=\"wpb_column vc_column_container vc_col-sm-6\"><div class=\"vc_column-inner\"><div class=\"wpb_wrapper\">\n\t<div  class=\"wpb_single_image wpb_content_element vc_align_left\">\n\t\t\n\t\t<figure class=\"wpb_wrapper vc_figure\">\n\t\t\t<div class=\"vc_single_image-wrapper   vc_box_border_grey\"><img loading=\"lazy\" decoding=\"async\" class=\"vc_single_image-img\" src=\"https:\/\/mak-secondary.edu.lb\/wp-content\/uploads\/2021\/09\/NEW-1-500x400.jpg\" width=\"500\" height=\"400\" alt=\"NEW 1\" title=\"NEW 1\" \/><\/div>\n\t\t<\/figure>\n\t<\/div>\n<\/div><\/div><\/div><div class=\"wpb_column vc_column_container vc_col-sm-6\"><div class=\"vc_column-inner\"><div class=\"wpb_wrapper\"><h1 class=\"stm-title stm-title_sep_bottom\" style=\"text-align:right;color:#1e73be\">\n\n\u0631\u0624\u064a\u0627 \u0627\u0644\u0645\u062f\u0631\u0633\u0629\n<\/h1>\n\t<div class=\"stm-separator stm-clearfix stm-separator_type_title\" >\n\t\t<div class=\"stm-separator__line stm-border-b_color_dark-blue\" style=\"float:right\"><\/div>\n\t<\/div>\n\n\t<div class=\"wpb_text_column wpb_content_element\" >\n\t\t<div class=\"wpb_wrapper\">\n\t\t\t<p dir=\"rtl\">&#8220;\u062e\u0631\u064a\u062c\u0648 \u062b\u0627\u0646\u0648\u064a\u0629 \u062d\u0633\u0627\u0645 \u0627\u0644\u062f\u064a\u0646 \u0627\u0644\u062d\u0631\u064a\u0631\u064a \u0628\u062c\u0645\u064a\u0639 \u0641\u0626\u0627\u062a\u0647\u0645 \u0648\u0628\u0642\u062f\u0631 \u0645\u0627 \u062a\u062a\u0646\u0648\u0639 \u0625\u062d\u062a\u064a\u0627\u062c\u0627\u062a\u0647\u0645 \u0627\u0644\u062a\u0639\u0644\u064a\u0645\u064a\u0629 \u0647\u0645 \u0623\u0641\u0631\u0627\u062f \u0645\u062a\u0639\u0644\u0645\u0648\u0646 \u0644\u0645\u062f\u0649 \u0627\u0644\u062d\u064a\u0627\u0629\u060c \u0645\u062b\u0642\u0641\u0648\u0646 \u0645\u0646\u0641\u062a\u062d\u0648\u0646\u060c \u0645\u062a\u0645\u062a\u0639\u0648\u0646 \u0628\u0645\u0632\u0627\u064a\u0627 \u0634\u062e\u0635\u064a\u0629 \u062c\u064a\u062f\u0629 \u0648\u0628\u0645\u0633\u062a\u0648\u0649 \u0631\u0641\u064a\u0639 \u0645\u0646 \u0627\u0644\u0645\u0646\u0627\u0642\u0628\u064a\u0629 \u0648\u0627\u0644\u0633\u0644\u0648\u0643 \u0627\u0644\u0645\u062f\u0646\u064a \u0627\u0644\u0633\u0644\u064a\u0645\u060c \u0645\u0633\u0644\u062d\u0648\u0646 \u0628\u0641\u0643\u0631 \u062a\u062a\u0631\u0633\u062e \u0641\u064a\u0647 \u0627\u0644\u0645\u0639\u0644\u0648\u0645\u0627\u062a \u0627\u0644\u0645\u0639\u0645\u0651\u0642\u0629 \u0639\u0646 \u0627\u0644\u0625\u0631\u062b \u0648\u0627\u0644\u062b\u0642\u0627\u0641\u0629 \u0627\u0644\u0639\u0631\u0628\u064a\u0629 \u0648\u0627\u0644\u0625\u0633\u0644\u0627\u0645\u064a\u0629\u060c \u0627\u0644\u062a\u064a \u062a\u0633\u0627\u0639\u062f \u0639\u0644\u0649 \u0641\u0647\u0645 \u0648\u062a\u0642\u062f\u064a\u0631 \u0627\u0644\u062b\u0642\u0627\u0641\u0627\u062a \u0627\u0644\u0623\u062e\u0631\u0649\u060c \u0642\u0627\u062f\u0631\u0648\u0646 \u0639\u0644\u0649 \u0645\u0648\u0627\u062c\u0647\u0629 \u0627\u0644\u0645\u062a\u063a\u064a\u0631\u0627\u062a \u0627\u0644\u0633\u0631\u064a\u0639\u0629 \u0641\u064a \u0645\u062d\u064a\u0637\u0647\u0645 \u0627\u0644\u0642\u0631\u064a\u0628 \u0648\u0627\u0644\u0639\u0627\u0644\u0645 \u0627\u0644\u0628\u0639\u064a\u062f \u0648\u0639\u0644\u0649 \u062a\u062d\u0645\u0644 \u0627\u0644\u0645\u0633\u0624\u0648\u0644\u064a\u0629 \u0639\u0644\u0649 \u0645\u0633\u062a\u0648\u064a\u0627\u062a \u0634\u062e\u0635\u064a\u0629 \u0648\u0648\u0637\u0646\u064a\u0629 \u0648\u0639\u0627\u0644\u0645\u064a\u0629\u060c \u0648\u0639\u0644\u0649 \u0627\u0644\u0645\u0633\u0627\u0647\u0645\u0629 \u0641\u064a \u062d\u0645\u0627\u064a\u0629 \u0627\u0644\u0643\u0648\u0643\u0628 \u0627\u0644\u0630\u064a \u064a\u0634\u0627\u0631\u0643\u0648\u0646 \u063a\u064a\u0631\u0647\u0645 \u0641\u064a \u0627\u0644\u0639\u064a\u0634 \u0639\u0644\u0649 \u0623\u0631\u0636\u0647&#8221;.<\/p>\n\n\t\t<\/div>\n\t<\/div>\n<div class=\"stm-spacing\" id=\"stm-spacing-69e4adfb6c329\"><\/div>\n<script>\n\t(function($){\n\t\t\"use strict\";\n\t\tvar spacingID = 'stm-spacing-69e4adfb6c329',\n\t\t\t  lgSpacing = '15',\n\t\t\t  mdSpacing = '15',\n\t\t\t  smSpacing = '12',\n\t\t\t  xsSpacing = '10';\n\n\t\tfunction smartySpacing() {\n\t\t\tif ( window.matchMedia(\"(min-width: 1200px)\").matches && lgSpacing ) {\n\t\t\t\t$( '#' + spacingID ).css ( \"height\", lgSpacing );\n\t\t\t} else if ( window.matchMedia(\"(max-width: 1199px) and (min-width: 992px )\").matches && mdSpacing ) {\n\t\t\t\t$( '#' + spacingID ).css ( \"height\", mdSpacing );\n\t\t\t} else if ( window.matchMedia(\"(max-width: 991px) and (min-width: 768px )\").matches && smSpacing ) {\n\t\t\t\t$( '#' + spacingID ).css ( \"height\", smSpacing );\n\t\t\t} else if ( window.matchMedia(\"(max-width: 767px)\").matches && xsSpacing ) {\n\t\t\t\t$( '#' + spacingID ).css ( \"height\", xsSpacing );\n\t\t\t} else {\n\t\t\t\t$( '#' + spacingID ).css ( \"height\", \"\" );\n\t\t\t}\n\t\t}\n\n\t\t$(document).ready(function() {\n\t\t\tsmartySpacing();\n\t\t});\n\n\t\t$(window).resize(function() {\n\t\t\tsmartySpacing();\n\t\t});\n\n\t})(jQuery);\n<\/script>\n\n<h1 class=\"stm-title stm-title_sep_bottom\" style=\"text-align:right;color:#1e73be\">\n\n\u0631\u0633\u0627\u0644\u0629 \u0627\u0644\u0645\u062f\u0631\u0633\u0629\n<\/h1>\n\t<div class=\"stm-separator stm-clearfix stm-separator_type_title\" >\n\t\t<div class=\"stm-separator__line stm-border-b_color_dark-blue\" style=\"float:right\"><\/div>\n\t<\/div>\n\n\t<div class=\"wpb_text_column wpb_content_element\" >\n\t\t<div class=\"wpb_wrapper\">\n\t\t\t<p dir=\"rtl\">\u062a\u0633\u0639\u0649 \u062b\u0627\u0646\u0648\u064a\u0651\u0629 \u062d\u0633\u0627\u0645 \u0627\u0644\u062f\u064a\u0646 \u0627\u0644\u062d\u0631\u064a\u0631\u064a \u0625\u0644\u0649 \u062a\u0646\u0634\u0626\u0629 \u0645\u062a\u0639\u0644\u0645\u064a\u0647\u0627 \u0644\u064a\u0643\u0648\u0646\u0648\u0627 \u0645\u0648\u0627\u0637\u0646\u064a\u0646 \u0645\u062b\u0642\u0641\u064a\u0646\u060c \u0645\u062a\u0639\u0627\u0637\u0641\u064a\u0646\u060c \u0645\u0646\u0641\u062a\u062d\u064a\u0646 \u0648\u0630\u0648\u064a \u0645\u0628\u0627\u062f\u0626 \u0642\u0627\u062f\u0631\u064a\u0646 \u0639\u0644\u0649 \u0631\u064a\u0627\u062f\u0629 \u0627\u0644\u062a\u063a\u064a\u064a\u0631 \u0641\u064a \u0645\u062c\u062a\u0645\u0639\u0647\u0645 \u0627\u0644\u0645\u062d\u0644\u0651\u064a\u0651 \u0648\u0627\u0644\u0639\u0627\u0644\u0645\u064a\u0651.<br \/>\n\u0644\u0647\u0630\u0647 \u0627\u0644\u063a\u0627\u064a\u0629\u060c \u062a\u0637\u0628\u0651\u0642 \u0627\u0644\u0645\u062f\u0631\u0633\u0629 \u0628\u0631\u0627\u0645\u062c \u062a\u0631\u0628\u0648\u064a\u0651\u0629 \u0634\u0627\u0645\u0644\u0629 \u0648\u0645\u062f\u0631\u0648\u0633\u0629 \u0628\u062f\u0642\u0629 \u0644\u062a\u0637\u0648\u064a\u0631 \u0645\u0639\u0627\u0631\u0641 \u0627\u0644\u0645\u062a\u0639\u0644\u0651\u0645\u064a\u0646 \u0648\u0642\u064a\u0645\u0647\u0645 \u0648\u0645\u0648\u0627\u0642\u0641\u0647\u0645 \u0648\u062a\u0639\u0632\u064a\u0632 \u0648\u0639\u064a\u0647\u0645 \u0628\u0647\u0648\u064a\u0651\u062a\u0647\u0645 \u0627\u0644\u062b\u0642\u0627\u0641\u064a\u0651\u0629 \u0648\u0627\u062d\u062a\u0631\u0627\u0645\u0647\u0645 \u0644\u0644\u062b\u0642\u0627\u0641\u0627\u062a \u0627\u0644\u0623\u062e\u0631\u0649.<br \/>\n\u062a\u0639\u062a\u0645\u062f \u0627\u0644\u0645\u062f\u0631\u0633\u0629 \u0645\u0642\u0627\u0631\u0628\u0627\u062a \u062a\u0639\u0644\u0651\u0645 \u0648\u062a\u0639\u0644\u064a\u0645 \u062a\u0645\u0643\u0651\u0646 \u0627\u0644\u0637\u0644\u0627\u0628 \u0645\u0646 \u0623\u0646 \u064a\u0643\u0648\u0646\u0648\u0627 \u0645\u062a\u0639\u0644\u0651\u0645\u064a\u0646 \u0645\u062f\u0649 \u0627\u0644\u062d\u064a\u0627\u0629 \u0648\u0623\u0646 \u064a\u062a\u0642\u0646\u0648\u0627 \u0627\u0644\u0644\u0651\u063a\u0629 \u0627\u0644\u0639\u0631\u0628\u064a\u0651\u0629 \u0625\u0636\u0627\u0641\u0629 \u0625\u0644\u0649 \u0627\u0644\u0644\u0651\u063a\u0627\u062a \u0627\u0644\u0623\u062c\u0646\u0628\u064a\u0651\u0629 \u0648\u0623\u0646 \u064a\u0631\u0628\u0637\u0648\u0627 \u0627\u0644\u062a\u0639\u0644\u0651\u0645 \u0641\u064a \u0627\u0644\u0645\u062f\u0631\u0633\u0629 \u0645\u0639 \u0627\u0644\u0639\u0627\u0644\u0645 \u0627\u0644\u062d\u0642\u064a\u0642\u064a\u0651.<\/p>\n\n\t\t<\/div>\n\t<\/div>\n<\/div><\/div><\/div><\/div><\/div><\/div><\/div><\/div><div class=\"vc_row wpb_row vc_row-fluid\"><div class=\"wpb_column vc_column_container vc_col-sm-12\"><div class=\"vc_column-inner\"><div class=\"wpb_wrapper\"><div class=\"stm-spacing\" id=\"stm-spacing-69e4adfb6c78e\"><\/div>\n<script>\n\t(function($){\n\t\t\"use strict\";\n\t\tvar spacingID = 'stm-spacing-69e4adfb6c78e',\n\t\t\t  lgSpacing = '20',\n\t\t\t  mdSpacing = '15',\n\t\t\t  smSpacing = '15',\n\t\t\t  xsSpacing = '12';\n\n\t\tfunction smartySpacing() {\n\t\t\tif ( window.matchMedia(\"(min-width: 1200px)\").matches && lgSpacing ) {\n\t\t\t\t$( '#' + spacingID ).css ( \"height\", lgSpacing );\n\t\t\t} else if ( window.matchMedia(\"(max-width: 1199px) and (min-width: 992px )\").matches && mdSpacing ) {\n\t\t\t\t$( '#' + spacingID ).css ( \"height\", mdSpacing );\n\t\t\t} else if ( window.matchMedia(\"(max-width: 991px) and (min-width: 768px )\").matches && smSpacing ) {\n\t\t\t\t$( '#' + spacingID ).css ( \"height\", smSpacing );\n\t\t\t} else if ( window.matchMedia(\"(max-width: 767px)\").matches && xsSpacing ) {\n\t\t\t\t$( '#' + spacingID ).css ( \"height\", xsSpacing );\n\t\t\t} else {\n\t\t\t\t$( '#' + spacingID ).css ( \"height\", \"\" );\n\t\t\t}\n\t\t}\n\n\t\t$(document).ready(function() {\n\t\t\tsmartySpacing();\n\t\t});\n\n\t\t$(window).resize(function() {\n\t\t\tsmartySpacing();\n\t\t});\n\n\t})(jQuery);\n<\/script>\n\n<\/div><\/div><\/div><\/div>","protected":false},"excerpt":{"rendered":"About Us\u00a0 \u00a0\u00a0\u00a0 \u00a0About HHHS Our Principles Vision Houssam Eddine Hariri High School graduates, coming from various backgrounds and having diverse learning needs, are well-educated and open-minded lifelong learners who have acquired virtuous personal traits and maintained high standards of ethical, moral and civic conduct. Upon their graduation, they will have developed not only vast [...]","protected":false},"author":1,"featured_media":0,"parent":0,"menu_order":0,"comment_status":"closed","ping_status":"closed","template":"","meta":{"_monsterinsights_skip_tracking":false,"_monsterinsights_sitenote_active":false,"_monsterinsights_sitenote_note":"","_monsterinsights_sitenote_category":0,"footnotes":""},"class_list":["post-16","page","type-page","status-publish","hentry"],"aioseo_notices":[],"_links":{"self":[{"href":"https:\/\/mak-secondary.edu.lb\/ar\/wp-json\/wp\/v2\/pages\/16","targetHints":{"allow":["GET"]}}],"collection":[{"href":"https:\/\/mak-secondary.edu.lb\/ar\/wp-json\/wp\/v2\/pages"}],"about":[{"href":"https:\/\/mak-secondary.edu.lb\/ar\/wp-json\/wp\/v2\/types\/page"}],"author":[{"embeddable":true,"href":"https:\/\/mak-secondary.edu.lb\/ar\/wp-json\/wp\/v2\/users\/1"}],"replies":[{"embeddable":true,"href":"https:\/\/mak-secondary.edu.lb\/ar\/wp-json\/wp\/v2\/comments?post=16"}],"version-history":[{"count":12,"href":"https:\/\/mak-secondary.edu.lb\/ar\/wp-json\/wp\/v2\/pages\/16\/revisions"}],"predecessor-version":[{"id":149,"href":"https:\/\/mak-secondary.edu.lb\/ar\/wp-json\/wp\/v2\/pages\/16\/revisions\/149"}],"wp:attachment":[{"href":"https:\/\/mak-secondary.edu.lb\/ar\/wp-json\/wp\/v2\/media?parent=16"}],"curies":[{"name":"wp","href":"https:\/\/api.w.org\/{rel}","templated":true}]}}